{"id":44,"date":"2022-02-17T17:06:04","date_gmt":"2022-02-17T17:06:04","guid":{"rendered":"http:\/\/migration.mananddata.net\/?page_id=44"},"modified":"2022-02-17T17:06:04","modified_gmt":"2022-02-17T17:06:04","slug":"ueber-uns-2","status":"publish","type":"page","link":"https:\/\/www.mananddata.com\/?page_id=44","title":{"rendered":"\u00dcber Uns"},"content":{"rendered":"\n<div class=\"wp-block-columns is-layout-flex wp-container-core-columns-is-layout-9d6595d7 wp-block-columns-is-layout-flex\">\n<div class=\"wp-block-column is-layout-flow wp-block-column-is-layout-flow\" style=\"flex-basis:100%\"><\/div>\n<\/div>\n\n\n\n<div class=\"wp-block-columns is-layout-flex wp-container-core-columns-is-layout-9d6595d7 wp-block-columns-is-layout-flex\">\n<div class=\"wp-block-column is-layout-flow wp-block-column-is-layout-flow\" style=\"flex-basis:33.33%\">\n<figure class=\"wp-block-image size-full\"><img loading=\"lazy\" decoding=\"async\" width=\"150\" height=\"132\" src=\"https:\/\/mananddata.com\/wp-content\/uploads\/2022\/02\/150x132_Mandata_Logo.gif\" alt=\"\" class=\"wp-image-67\"\/><\/figure>\n<\/div>\n\n\n\n<div class=\"wp-block-column is-layout-flow wp-block-column-is-layout-flow\" style=\"flex-basis:66.66%\">\n<p>Der Name MANDATA steht seit 1974 f\u00fcr Hard- und Software unabh\u00e4ngige IT Beratung und ist Partner f\u00fcr alle Fragen in der Unternehmensf\u00fchrung, IT-Konzeptionen, Personalberatung sowie der Zukunftssicherung \/ Unternehmens-Nachfolge in Deutschland.<\/p>\n\n\n\n<p>Seit der Gr\u00fcndung der MANDATA Unternehmensberatungs GmbH haben die verschiedensten MANDATA T\u00f6chter der MANDATA-Group die IT Landschaft und Prozesse f\u00fcr kleine und mittelst\u00e4ndige Unternehmen in Deutschland nachhaltig beeinflusst.<\/p>\n<\/div>\n<\/div>\n\n\n\n<div class=\"wp-block-columns is-layout-flex wp-container-core-columns-is-layout-9d6595d7 wp-block-columns-is-layout-flex\">\n<div class=\"wp-block-column is-layout-flow wp-block-column-is-layout-flow\" style=\"flex-basis:33.33%\">\n<figure class=\"wp-block-image size-full\"><img loading=\"lazy\" decoding=\"async\" width=\"250\" height=\"133\" src=\"https:\/\/mananddata.com\/wp-content\/uploads\/2022\/02\/cropped-md_logo-e1645115188132.jpg\" alt=\"\" class=\"wp-image-50\"\/><\/figure>\n<\/div>\n\n\n\n<div class=\"wp-block-column is-layout-flow wp-block-column-is-layout-flow\" style=\"flex-basis:66.66%\">\n<p>mandata &#8211; consulting engineers als Ingenieurb\u00fcro und Ihr Partner f\u00fchrt die Tradition der MANDATA weiter und ber\u00e4t Gro\u00df- und Mittelstandskunden in den Bereichen der Integration, Integrit\u00e4t und der Intelligence von Menschen und Daten.<\/p>\n<\/div>\n<\/div>\n","protected":false},"excerpt":{"rendered":"<p>Der Name MANDATA steht seit 1974 f\u00fcr Hard- und Software unabh\u00e4ngige IT Beratung und ist Partner f\u00fcr alle Fragen in der Unternehmensf\u00fchrung, IT-Konzeptionen, Personalberatung sowie der Zukunftssicherung \/ Unternehmens-Nachfolge in Deutschland. Seit der Gr\u00fcndung der MANDATA Unternehmensberatungs GmbH haben die verschiedensten MANDATA T\u00f6chter der MANDATA-Group die IT Landschaft und Prozesse f\u00fcr kleine und mittelst\u00e4ndige Unternehmen [&hellip;]<\/p>\n","protected":false},"author":1,"featured_media":0,"parent":0,"menu_order":0,"comment_status":"closed","ping_status":"closed","template":"","meta":{"footnotes":""},"class_list":["post-44","page","type-page","status-publish","hentry","post"],"_links":{"self":[{"href":"https:\/\/www.mananddata.com\/index.php?rest_route=\/wp\/v2\/pages\/44","targetHints":{"allow":["GET"]}}],"collection":[{"href":"https:\/\/www.mananddata.com\/index.php?rest_route=\/wp\/v2\/pages"}],"about":[{"href":"https:\/\/www.mananddata.com\/index.php?rest_route=\/wp\/v2\/types\/page"}],"author":[{"embeddable":true,"href":"https:\/\/www.mananddata.com\/index.php?rest_route=\/wp\/v2\/users\/1"}],"replies":[{"embeddable":true,"href":"https:\/\/www.mananddata.com\/index.php?rest_route=%2Fwp%2Fv2%2Fcomments&post=44"}],"version-history":[{"count":0,"href":"https:\/\/www.mananddata.com\/index.php?rest_route=\/wp\/v2\/pages\/44\/revisions"}],"wp:attachment":[{"href":"https:\/\/www.mananddata.com\/index.php?rest_route=%2Fwp%2Fv2%2Fmedia&parent=44"}],"curies":[{"name":"wp","href":"https:\/\/api.w.org\/{rel}","templated":true}]}}